{"id":41,"date":"2020-06-01T08:13:13","date_gmt":"2020-06-01T08:13:13","guid":{"rendered":"http:\/\/sw-themes.com\/porto_dummy\/?page_id=41"},"modified":"2024-11-01T08:37:43","modified_gmt":"2024-11-01T05:37:43","slug":"contact-us","status":"publish","type":"page","link":"https:\/\/renasgida.com\/en\/contact-us\/","title":{"rendered":"Contact"},"content":{"rendered":"<div class=\"vc_row wpb_row vc_custom_1591257666780 porto-inner-container\"><div class=\"porto-wrap-container container\"><div class=\"row\"><div class=\"vc_column_container col-md-12\"><div class=\"wpb_wrapper vc_column-inner\"><h2 style=\"font-size: 2em;line-height: 1\" class=\"vc_custom_heading mb-3 align-left\">Send Us a Message<\/h2><\/div><\/div><\/div><\/div><\/div><div class=\"vc_row wpb_row pb-4 porto-inner-container\"><div class=\"porto-wrap-container container\"><div class=\"row\"><div class=\"pb-5 vc_column_container col-md-12 col-lg-7\"><div class=\"wpb_wrapper vc_column-inner\"><div role=\"form\" class=\"wpcf7\" id=\"wpcf7-f626-o1\" lang=\"tr-TR\" dir=\"ltr\">\n<div class=\"screen-reader-response\"><p role=\"status\" aria-live=\"polite\" aria-atomic=\"true\"><\/p> <ul><\/ul><\/div>\n<form action=\"\/en\/wp-json\/wp\/v2\/pages\/41#wpcf7-f626-o1\" method=\"post\" class=\"wpcf7-form init\" novalidate=\"novalidate\" data-status=\"init\" data-trp-original-action=\"\/en\/wp-json\/wp\/v2\/pages\/41#wpcf7-f626-o1\">\n<div style=\"display: none;\">\n<input type=\"hidden\" name=\"_wpcf7\" value=\"626\" \/>\n<input type=\"hidden\" name=\"_wpcf7_version\" value=\"5.5.1\" \/>\n<input type=\"hidden\" name=\"_wpcf7_locale\" value=\"tr_TR\" \/>\n<input type=\"hidden\" name=\"_wpcf7_unit_tag\" value=\"wpcf7-f626-o1\" \/>\n<input type=\"hidden\" name=\"_wpcf7_container_post\" value=\"0\" \/>\n<input type=\"hidden\" name=\"_wpcf7_posted_data_hash\" value=\"\" \/>\n<\/div>\n<div class=\"form-group\">\n    <span class=\"wpcf7-form-control-wrap your-name\"><input type=\"text\" name=\"your-name\" value=\"\" size=\"40\" class=\"wpcf7-form-control wpcf7-text wpcf7-validates-as-required form-control\" id=\"contact-name\" aria-required=\"true\" aria-invalid=\"false\" placeholder=\"Ad\u0131n\u0131z\" \/><\/span>\n<\/div>\n<div class=\"form-group\">\n    <span class=\"wpcf7-form-control-wrap your-email\"><input type=\"email\" name=\"your-email\" value=\"\" size=\"40\" class=\"wpcf7-form-control wpcf7-text wpcf7-email wpcf7-validates-as-required wpcf7-validates-as-email form-control\" id=\"contact-email\" aria-required=\"true\" aria-invalid=\"false\" placeholder=\"E-mail Adresiniz\" \/><\/span>\n<\/div>\n<div class=\"form-group\">\n    <span class=\"wpcf7-form-control-wrap your-phone\"><input type=\"text\" name=\"your-phone\" value=\"\" size=\"40\" class=\"wpcf7-form-control wpcf7-text form-control\" id=\"contact-subject\" aria-invalid=\"false\" placeholder=\"Phone Number\" \/><\/span>\n<\/div>\n<div class=\"form-group\">\n    <span class=\"wpcf7-form-control-wrap your-subject\"><input type=\"text\" name=\"your-subject\" value=\"\" size=\"40\" class=\"wpcf7-form-control wpcf7-text form-control\" id=\"contact-subject\" aria-invalid=\"false\" placeholder=\"Subject\" \/><\/span>\n<\/div>\n<div class=\"form-group\">\n    <span class=\"wpcf7-form-control-wrap your-message\"><textarea name=\"your-message\" cols=\"40\" rows=\"5\" class=\"wpcf7-form-control wpcf7-textarea form-control\" id=\"contact-message\" aria-invalid=\"false\" placeholder=\"Message\"><\/textarea><\/span>\n<\/div>\n<p>Write the answer to the question of the verification step below<\/p>\n<p><span class=\"wpcf7-form-control-wrap soru\"><label><span class=\"wpcf7-quiz-label\">1+1+5=?<\/span> <input type=\"text\" name=\"soru\" size=\"40\" class=\"wpcf7-form-control wpcf7-quiz\" autocomplete=\"off\" aria-required=\"true\" aria-invalid=\"false\" \/><\/label><input type=\"hidden\" name=\"_wpcf7_quiz_answer_soru\" value=\"1a47f9781c6f97a2503818c803ed2825\" \/><\/span><\/p>\n<div class=\"form-group\">\n    <input type=\"submit\" value=\"Send\" class=\"wpcf7-form-control has-spinner wpcf7-submit btn btn-borders btn-primary\" \/><\/p>\n<\/div>\n<div class=\"wpcf7-response-output\" aria-hidden=\"true\"><\/div><input type=\"hidden\" name=\"trp-form-language\" value=\"en\"\/><\/form><\/div><\/div><\/div><div class=\"vc_column_container col-md-12 col-lg-5\"><div class=\"wpb_wrapper vc_column-inner\"><div class=\"porto-ultimate-content-box-container mb-5\"><style>#porto_ucb_5979{will-change: box-shadow;box-shadow:0px 0px 35px -5px rgba(0,0,0,0.1);}<\/style><div class=\"porto-ultimate-content-box vc_custom_1591257900370\" style=\"border:1px solid #e8e8e8;\" id=\"porto_ucb_5979\"><h2 style=\"font-size: 1.8em;line-height: 1;letter-spacing:0\" class=\"vc_custom_heading mb-3 align-left\">Our Contact Information<\/h2><div class=\"porto-sicon-box py-2 style_1 default-icon\"><div class=\"porto-sicon-default\"><div id=\"porto-icon-168333724469f4cda04ac33\" class=\"porto-just-icon-wrapper\" style=\"text-align:center;\"><div class=\"porto-icon none\" style=\"color:#220c3c;font-size:32px;display:inline-block;\"><i class=\"fas fa-map-marker-alt\"><\/i><\/div><\/div><\/div><div class=\"porto-sicon-header\"><h4 class=\"porto-sicon-title\" style=\"font-size:1.4em;letter-spacing:0;\">Address<\/h4><p>Fatih Mh. Selahaddin Eyyubi Cd. No 8C Resim \u0130stanbul D1 Sancaktepe\/\u0130stanbul<\/p><\/div> <!-- header --><\/div><!-- porto-sicon-box --><div class=\"porto-separator\"><hr class=\"separator-line  align_center solid\"><\/div><div class=\"porto-sicon-box py-2 style_1 default-icon\"><div class=\"porto-sicon-default\"><div id=\"porto-icon-63138568769f4cda04b094\" class=\"porto-just-icon-wrapper\" style=\"text-align:center;\"><div class=\"porto-icon none\" style=\"color:#220c3c;font-size:32px;display:inline-block;\"><i class=\"fas fa-mobile-alt\"><\/i><\/div><\/div><\/div><div class=\"porto-sicon-header\"><h4 class=\"porto-sicon-title\" style=\"font-size:1.4em;letter-spacing:0;\">Tel<\/h4><p>(+90) 216 771 22 96<\/p><\/div> <!-- header --><\/div><!-- porto-sicon-box --><div class=\"porto-sicon-box py-2 style_1 default-icon\"><div class=\"porto-sicon-default\"><div id=\"porto-icon-2071043669f4cda04b33b\" class=\"porto-just-icon-wrapper\" style=\"text-align:center;\"><div class=\"porto-icon none\" style=\"color:#220c3c;font-size:32px;display:inline-block;\"><i class=\"fas fa-mobile-alt\"><\/i><\/div><\/div><\/div><div class=\"porto-sicon-header\"><h4 class=\"porto-sicon-title\" style=\"font-size:1.4em;letter-spacing:0;\">Fax<\/h4><p>(+90) 216 771 22 97<\/p><\/div> <!-- header --><\/div><!-- porto-sicon-box --><div class=\"porto-separator\"><hr class=\"separator-line  align_center solid\"><\/div><\/div><\/div><\/div><\/div><\/div><\/div><\/div><div class=\"vc_row wpb_row row no-padding\"><div class=\"vc_column_container col-md-12\"><div class=\"wpb_wrapper vc_column-inner\"><div class=\"wpb_gmaps_widget wpb_content_element\"><h2 class=\"wpb_heading wpb_map_heading\">Renas G\u0131da<\/h2><div class=\"wpb_wrapper\"><div class=\"wpb_map_wraper\"><iframe src=\"https:\/\/www.google.com\/maps\/embed?pb=!1m18!1m12!1m3!1d96401.33544332309!2d29.087214783254012!3d40.96961700679969!2m3!1f0!2f0!3f0!3m2!1i1024!2i768!4f13.1!3m3!1m2!1s0x14cacff806ff744b%3A0x51f00c19402e1f87!2sResim%20%C4%B0stanbul%20Sitesi!5e0!3m2!1str!2str!4v1681726509919!5m2!1str!2str\" width=\"600\" height=\"450\" style=\"border:0;\" allowfullscreen=\"\" loading=\"lazy\" referrerpolicy=\"no-referrer-when-downgrade\"><\/iframe><\/div><\/div><\/div><\/div><\/div><\/div>","protected":false},"excerpt":{"rendered":"Bize Mesaj G\u00f6nderin A\u015fa\u011f\u0131daki do\u011frulama ad\u0131m\u0131n\u0131 sorusunun cevab\u0131n\u0131 yaz\u0131n\u0131z 1+1+5=? \u0130leti\u015fim BilgilerimizAdresFatih Mh. Selahaddin Eyyubi Cd. No 8C Resim \u0130stanbul D1 Sancaktepe\/\u0130stanbul Tel(+90) 216 771 22 96 Fax(+90) 216 771 22 97 Renas G\u0131da","protected":false},"author":1,"featured_media":0,"parent":0,"menu_order":0,"comment_status":"closed","ping_status":"closed","template":"","meta":{"footnotes":""},"class_list":["post-41","page","type-page","status-publish","hentry"],"yoast_head":"<!-- This site is optimized with the Yoast SEO plugin v19.2 - https:\/\/yoast.com\/wordpress\/plugins\/seo\/ -->\n<title>\u0130leti\u015fim - Renas G\u0131da<\/title>\n<meta name=\"robots\" content=\"index, follow, max-snippet:-1, max-image-preview:large, max-video-preview:-1\" \/>\n<link rel=\"canonical\" href=\"https:\/\/renasgida.com\/en\/contact-us\/\" \/>\n<meta property=\"og:locale\" content=\"en_US\" \/>\n<meta property=\"og:type\" content=\"article\" \/>\n<meta property=\"og:title\" content=\"\u0130leti\u015fim - Renas G\u0131da\" \/>\n<meta property=\"og:url\" content=\"https:\/\/renasgida.com\/en\/contact-us\/\" \/>\n<meta property=\"og:site_name\" content=\"Renas G\u0131da\" \/>\n<meta property=\"article:modified_time\" content=\"2024-11-01T05:37:43+00:00\" \/>\n<meta name=\"author\" content=\"Renas\" \/>\n<meta name=\"twitter:card\" content=\"summary_large_image\" \/>\n<meta name=\"twitter:label1\" content=\"Est. reading time\" \/>\n\t<meta name=\"twitter:data1\" content=\"2 minutes\" \/>\n<script type=\"application\/ld+json\" class=\"yoast-schema-graph\">{\"@context\":\"https:\/\/schema.org\",\"@graph\":[{\"@type\":\"WebSite\",\"@id\":\"https:\/\/renasgida.com\/#website\",\"url\":\"https:\/\/renasgida.com\/\",\"name\":\"Renas G\u0131da\",\"description\":\"Renas G\u0131da Kimyevi Maddeler\",\"potentialAction\":[{\"@type\":\"SearchAction\",\"target\":{\"@type\":\"EntryPoint\",\"urlTemplate\":\"https:\/\/renasgida.com\/?s={search_term_string}\"},\"query-input\":\"required name=search_term_string\"}],\"inLanguage\":\"en-US\"},{\"@type\":\"WebPage\",\"@id\":\"https:\/\/renasgida.com\/contact-us\/#webpage\",\"url\":\"https:\/\/renasgida.com\/contact-us\/\",\"name\":\"\u0130leti\u015fim - Renas G\u0131da\",\"isPartOf\":{\"@id\":\"https:\/\/renasgida.com\/#website\"},\"datePublished\":\"2020-06-01T08:13:13+00:00\",\"dateModified\":\"2024-11-01T05:37:43+00:00\",\"breadcrumb\":{\"@id\":\"https:\/\/renasgida.com\/contact-us\/#breadcrumb\"},\"inLanguage\":\"en-US\",\"potentialAction\":[{\"@type\":\"ReadAction\",\"target\":[\"https:\/\/renasgida.com\/contact-us\/\"]}]},{\"@type\":\"BreadcrumbList\",\"@id\":\"https:\/\/renasgida.com\/contact-us\/#breadcrumb\",\"itemListElement\":[{\"@type\":\"ListItem\",\"position\":1,\"name\":\"Anasayfa\",\"item\":\"https:\/\/renasgida.com\/\"},{\"@type\":\"ListItem\",\"position\":2,\"name\":\"\u0130leti\u015fim\"}]}]}<\/script>\n<!-- \/ Yoast SEO plugin. -->","yoast_head_json":{"title":"\u0130leti\u015fim - Renas G\u0131da","robots":{"index":"index","follow":"follow","max-snippet":"max-snippet:-1","max-image-preview":"max-image-preview:large","max-video-preview":"max-video-preview:-1"},"canonical":"https:\/\/renasgida.com\/en\/contact-us\/","og_locale":"en_US","og_type":"article","og_title":"\u0130leti\u015fim - Renas G\u0131da","og_url":"https:\/\/renasgida.com\/en\/contact-us\/","og_site_name":"Renas G\u0131da","article_modified_time":"2024-11-01T05:37:43+00:00","author":"Renas","twitter_card":"summary_large_image","twitter_misc":{"Est. reading time":"2 minutes"},"schema":{"@context":"https:\/\/schema.org","@graph":[{"@type":"WebSite","@id":"https:\/\/renasgida.com\/#website","url":"https:\/\/renasgida.com\/","name":"Renas G\u0131da","description":"Renas G\u0131da Kimyevi Maddeler","potentialAction":[{"@type":"SearchAction","target":{"@type":"EntryPoint","urlTemplate":"https:\/\/renasgida.com\/?s={search_term_string}"},"query-input":"required name=search_term_string"}],"inLanguage":"en-US"},{"@type":"WebPage","@id":"https:\/\/renasgida.com\/contact-us\/#webpage","url":"https:\/\/renasgida.com\/contact-us\/","name":"\u0130leti\u015fim - Renas G\u0131da","isPartOf":{"@id":"https:\/\/renasgida.com\/#website"},"datePublished":"2020-06-01T08:13:13+00:00","dateModified":"2024-11-01T05:37:43+00:00","breadcrumb":{"@id":"https:\/\/renasgida.com\/contact-us\/#breadcrumb"},"inLanguage":"en-US","potentialAction":[{"@type":"ReadAction","target":["https:\/\/renasgida.com\/contact-us\/"]}]},{"@type":"BreadcrumbList","@id":"https:\/\/renasgida.com\/contact-us\/#breadcrumb","itemListElement":[{"@type":"ListItem","position":1,"name":"Anasayfa","item":"https:\/\/renasgida.com\/"},{"@type":"ListItem","position":2,"name":"\u0130leti\u015fim"}]}]}},"_links":{"self":[{"href":"https:\/\/renasgida.com\/en\/wp-json\/wp\/v2\/pages\/41","targetHints":{"allow":["GET"]}}],"collection":[{"href":"https:\/\/renasgida.com\/en\/wp-json\/wp\/v2\/pages"}],"about":[{"href":"https:\/\/renasgida.com\/en\/wp-json\/wp\/v2\/types\/page"}],"author":[{"embeddable":true,"href":"https:\/\/renasgida.com\/en\/wp-json\/wp\/v2\/users\/1"}],"replies":[{"embeddable":true,"href":"https:\/\/renasgida.com\/en\/wp-json\/wp\/v2\/comments?post=41"}],"version-history":[{"count":10,"href":"https:\/\/renasgida.com\/en\/wp-json\/wp\/v2\/pages\/41\/revisions"}],"predecessor-version":[{"id":1205,"href":"https:\/\/renasgida.com\/en\/wp-json\/wp\/v2\/pages\/41\/revisions\/1205"}],"wp:attachment":[{"href":"https:\/\/renasgida.com\/en\/wp-json\/wp\/v2\/media?parent=41"}],"curies":[{"name":"wp","href":"https:\/\/api.w.org\/{rel}","templated":true}]}}