{"id":396,"date":"2021-10-13T17:20:35","date_gmt":"2021-10-13T14:20:35","guid":{"rendered":"https:\/\/renasgida.com\/?page_id=396"},"modified":"2022-02-12T18:31:03","modified_gmt":"2022-02-12T15:31:03","slug":"kakao-grubu","status":"publish","type":"page","link":"https:\/\/renasgida.com\/en\/kakao-grubu\/","title":{"rendered":"Cocoa Group"},"content":{"rendered":"<section class=\"vc_section\"><div class=\"vc_row wpb_row row\"><div class=\"vc_column_container col-md-6\"><div class=\"wpb_wrapper vc_column-inner\">\n\t<div class=\"wpb_single_image wpb_content_element vc_align_left\">\n\t\t<div class=\"wpb_wrapper\">\n\t\t\t\n\t\t\t<div class=\"vc_single_image-wrapper vc_box_rounded  vc_box_border_grey\"><img decoding=\"async\" class=\"vc_single_image-img\"  src=\"https:\/\/renasgida.com\/wp-content\/uploads\/2021\/10\/vb.jpg\" alt=\"external\" \/><\/div>\n\t\t<\/div>\n\t<\/div>\n\n\t<div class=\"wpb_text_column wpb_content_element\" >\n\t\t<div class=\"wpb_wrapper\">\n\t\t\t<p><strong>We follow the cocoa market closely and connect to our customers at the right time.<\/strong><\/p>\n\n\t\t<\/div>\n\t<\/div>\n<\/div><\/div><div class=\"vc_column_container col-md-6\"><div class=\"wpb_wrapper vc_column-inner\">\n\t<div class=\"wpb_text_column wpb_content_element\" >\n\t\t<div class=\"wpb_wrapper\">\n\t\t\t<p><strong>Alkalized Cocoa Powder<\/strong><br \/>\n<strong>Natural Cocoa Powder<\/strong><br \/>\n<strong>Deodorized Cocoa Butter<\/strong><br \/>\n<strong>Natural Cocoa Butter<\/strong><br \/>\n<strong>Alkalized Cocoa  Butter<\/strong><br \/>\n<strong>Natural Cocoa Mass<\/strong><br \/>\n<strong>Alkalized Cocoa Mass<br \/>\nCoffee Group<br \/>\nCreamer<\/strong><\/p>\n\n\t\t<\/div>\n\t<\/div>\n<\/div><\/div><\/div><\/section>","protected":false},"excerpt":{"rendered":"Kakao piyasas\u0131n\u0131 s\u00fcrekli yak\u0131ndan takip edip en do\u011fru zamanda m\u00fc\u015fterilerimize ba\u011flant\u0131 yap\u0131yoruz Alkalize Kakao Tozu Nat\u00fcrel Kakao Tozu Deodorize Kakao Ya\u011f\u0131 Nat\u00fcrel Kakao Ya\u011f\u0131 Alkalize Kakao Ya\u011f\u0131 Natural Kakao Lik\u00f6r\u00fc Alkalize Kakao Lik\u00f6r\u00fc Kahve Grubu Kahve Kremas\u0131","protected":false},"author":1,"featured_media":0,"parent":0,"menu_order":0,"comment_status":"closed","ping_status":"closed","template":"","meta":{"footnotes":""},"class_list":["post-396","page","type-page","status-publish","hentry"],"yoast_head":"<!-- This site is optimized with the Yoast SEO plugin v19.2 - https:\/\/yoast.com\/wordpress\/plugins\/seo\/ -->\n<title>Kakao Grubu - Renas G\u0131da<\/title>\n<meta name=\"robots\" content=\"index, follow, max-snippet:-1, max-image-preview:large, max-video-preview:-1\" \/>\n<link rel=\"canonical\" href=\"https:\/\/renasgida.com\/en\/kakao-grubu\/\" \/>\n<meta property=\"og:locale\" content=\"en_US\" \/>\n<meta property=\"og:type\" content=\"article\" \/>\n<meta property=\"og:title\" content=\"Kakao Grubu - Renas G\u0131da\" \/>\n<meta property=\"og:url\" content=\"https:\/\/renasgida.com\/en\/kakao-grubu\/\" \/>\n<meta property=\"og:site_name\" content=\"Renas G\u0131da\" \/>\n<meta property=\"article:modified_time\" content=\"2022-02-12T15:31:03+00:00\" \/>\n<meta name=\"author\" content=\"Renas\" \/>\n<meta name=\"twitter:card\" content=\"summary_large_image\" \/>\n<meta name=\"twitter:label1\" content=\"Est. reading time\" \/>\n\t<meta name=\"twitter:data1\" content=\"1 minute\" \/>\n<script type=\"application\/ld+json\" class=\"yoast-schema-graph\">{\"@context\":\"https:\/\/schema.org\",\"@graph\":[{\"@type\":\"WebSite\",\"@id\":\"https:\/\/renasgida.com\/#website\",\"url\":\"https:\/\/renasgida.com\/\",\"name\":\"Renas G\u0131da\",\"description\":\"Renas G\u0131da Kimyevi Maddeler\",\"potentialAction\":[{\"@type\":\"SearchAction\",\"target\":{\"@type\":\"EntryPoint\",\"urlTemplate\":\"https:\/\/renasgida.com\/?s={search_term_string}\"},\"query-input\":\"required name=search_term_string\"}],\"inLanguage\":\"en-US\"},{\"@type\":\"WebPage\",\"@id\":\"https:\/\/renasgida.com\/kakao-grubu\/#webpage\",\"url\":\"https:\/\/renasgida.com\/kakao-grubu\/\",\"name\":\"Kakao Grubu - Renas G\u0131da\",\"isPartOf\":{\"@id\":\"https:\/\/renasgida.com\/#website\"},\"datePublished\":\"2021-10-13T14:20:35+00:00\",\"dateModified\":\"2022-02-12T15:31:03+00:00\",\"breadcrumb\":{\"@id\":\"https:\/\/renasgida.com\/kakao-grubu\/#breadcrumb\"},\"inLanguage\":\"en-US\",\"potentialAction\":[{\"@type\":\"ReadAction\",\"target\":[\"https:\/\/renasgida.com\/kakao-grubu\/\"]}]},{\"@type\":\"BreadcrumbList\",\"@id\":\"https:\/\/renasgida.com\/kakao-grubu\/#breadcrumb\",\"itemListElement\":[{\"@type\":\"ListItem\",\"position\":1,\"name\":\"Anasayfa\",\"item\":\"https:\/\/renasgida.com\/\"},{\"@type\":\"ListItem\",\"position\":2,\"name\":\"Kakao Grubu\"}]}]}<\/script>\n<!-- \/ Yoast SEO plugin. -->","yoast_head_json":{"title":"Kakao Grubu - Renas G\u0131da","robots":{"index":"index","follow":"follow","max-snippet":"max-snippet:-1","max-image-preview":"max-image-preview:large","max-video-preview":"max-video-preview:-1"},"canonical":"https:\/\/renasgida.com\/en\/kakao-grubu\/","og_locale":"en_US","og_type":"article","og_title":"Kakao Grubu - Renas G\u0131da","og_url":"https:\/\/renasgida.com\/en\/kakao-grubu\/","og_site_name":"Renas G\u0131da","article_modified_time":"2022-02-12T15:31:03+00:00","author":"Renas","twitter_card":"summary_large_image","twitter_misc":{"Est. reading time":"1 minute"},"schema":{"@context":"https:\/\/schema.org","@graph":[{"@type":"WebSite","@id":"https:\/\/renasgida.com\/#website","url":"https:\/\/renasgida.com\/","name":"Renas G\u0131da","description":"Renas G\u0131da Kimyevi Maddeler","potentialAction":[{"@type":"SearchAction","target":{"@type":"EntryPoint","urlTemplate":"https:\/\/renasgida.com\/?s={search_term_string}"},"query-input":"required name=search_term_string"}],"inLanguage":"en-US"},{"@type":"WebPage","@id":"https:\/\/renasgida.com\/kakao-grubu\/#webpage","url":"https:\/\/renasgida.com\/kakao-grubu\/","name":"Kakao Grubu - Renas G\u0131da","isPartOf":{"@id":"https:\/\/renasgida.com\/#website"},"datePublished":"2021-10-13T14:20:35+00:00","dateModified":"2022-02-12T15:31:03+00:00","breadcrumb":{"@id":"https:\/\/renasgida.com\/kakao-grubu\/#breadcrumb"},"inLanguage":"en-US","potentialAction":[{"@type":"ReadAction","target":["https:\/\/renasgida.com\/kakao-grubu\/"]}]},{"@type":"BreadcrumbList","@id":"https:\/\/renasgida.com\/kakao-grubu\/#breadcrumb","itemListElement":[{"@type":"ListItem","position":1,"name":"Anasayfa","item":"https:\/\/renasgida.com\/"},{"@type":"ListItem","position":2,"name":"Kakao Grubu"}]}]}},"_links":{"self":[{"href":"https:\/\/renasgida.com\/en\/wp-json\/wp\/v2\/pages\/396","targetHints":{"allow":["GET"]}}],"collection":[{"href":"https:\/\/renasgida.com\/en\/wp-json\/wp\/v2\/pages"}],"about":[{"href":"https:\/\/renasgida.com\/en\/wp-json\/wp\/v2\/types\/page"}],"author":[{"embeddable":true,"href":"https:\/\/renasgida.com\/en\/wp-json\/wp\/v2\/users\/1"}],"replies":[{"embeddable":true,"href":"https:\/\/renasgida.com\/en\/wp-json\/wp\/v2\/comments?post=396"}],"version-history":[{"count":19,"href":"https:\/\/renasgida.com\/en\/wp-json\/wp\/v2\/pages\/396\/revisions"}],"predecessor-version":[{"id":740,"href":"https:\/\/renasgida.com\/en\/wp-json\/wp\/v2\/pages\/396\/revisions\/740"}],"wp:attachment":[{"href":"https:\/\/renasgida.com\/en\/wp-json\/wp\/v2\/media?parent=396"}],"curies":[{"name":"wp","href":"https:\/\/api.w.org\/{rel}","templated":true}]}}