{"id":2,"date":"2020-06-01T03:50:09","date_gmt":"2020-06-01T03:50:09","guid":{"rendered":"http:\/\/renasgida.com\/?page_id=2"},"modified":"2025-05-14T15:43:11","modified_gmt":"2025-05-14T12:43:11","slug":"home","status":"publish","type":"page","link":"https:\/\/renasgida.com\/en\/","title":{"rendered":"Anasayfa"},"content":{"rendered":"<section class=\"vc_section vc_custom_1634110188997\"><div class=\"vc_row wpb_row row\"><div class=\"vc_column_container col-md-4\"><div class=\"wpb_wrapper vc_column-inner\"><div class=\"vc_btn3-container vc_btn3-center\" >\n\t<a  data-appear-animation=\"bounceInDown\" class=\"vc_general vc_btn3 vc_btn3-size-xl vc_btn3-shape-rounded vc_btn3-style-modern vc_btn3-block vc_btn3-color-orange btn\" href=\"https:\/\/renasgida.com\/en\/sektorler\/\" title=\"Sectors\">SECTORS<\/a>\t<\/div>\n<\/div><\/div><div class=\"vc_column_container col-md-4\"><div class=\"wpb_wrapper vc_column-inner\"><div class=\"vc_btn3-container vc_btn3-center\" >\n\t<a  data-appear-animation=\"bounceInDown\" class=\"vc_general vc_btn3 vc_btn3-size-xl vc_btn3-shape-rounded vc_btn3-style-modern vc_btn3-block vc_btn3-color-sky btn\" href=\"https:\/\/renasgida.com\/en\/partnerlerimiz\/\" title=\"Our Partners\">PARTNERS<\/a>\t<\/div>\n<\/div><\/div><div class=\"vc_column_container col-md-4\"><div class=\"wpb_wrapper vc_column-inner\"><div class=\"vc_btn3-container vc_btn3-center\" >\n\t<a  data-appear-animation=\"bounceInDown\" class=\"vc_general vc_btn3 vc_btn3-size-xl vc_btn3-shape-rounded vc_btn3-style-modern vc_btn3-block vc_btn3-color-pink btn\" href=\"https:\/\/renasgida.com\/en\/contact-us\/\" title=\"Contact\">CONTACT<\/a>\t<\/div>\n<\/div><\/div><\/div><\/section><section class=\"vc_section vc_custom_1634127823070\"><div class=\"vc_row wpb_row row\"><div class=\"vc_column_container col-md-12\"><div class=\"wpb_wrapper vc_column-inner\"><h4 style=\"text-align: center\" class=\"vc_custom_heading\">SECTORS<\/h4><\/div><\/div><\/div><div class=\"vc_row wpb_row row\"><div class=\"vc_column_container col-md-3\"><div class=\"wpb_wrapper vc_column-inner\">\n\t<div class=\"wpb_single_image wpb_content_element vc_align_center\">\n\t\t<div class=\"wpb_wrapper\">\n\t\t\t\n\t\t\t<a href=\"https:\/\/renasgida.com\/en\/genelkimyasallar\/\" target=\"_self\"><div class=\"vc_single_image-wrapper   vc_box_border_grey\"><img loading=\"lazy\" decoding=\"async\" width=\"450\" height=\"320\" src=\"https:\/\/renasgida.com\/wp-content\/uploads\/2022\/03\/genel-kimyasallar-ENG.png\" class=\"vc_single_image-img attachment-full\" alt=\"\" srcset=\"https:\/\/renasgida.com\/wp-content\/uploads\/2022\/03\/genel-kimyasallar-ENG.png 450w, https:\/\/renasgida.com\/wp-content\/uploads\/2022\/03\/genel-kimyasallar-ENG-400x284.png 400w, https:\/\/renasgida.com\/wp-content\/uploads\/2022\/03\/genel-kimyasallar-ENG-367x261.png 367w\" sizes=\"auto, (max-width: 450px) 100vw, 450px\" \/><\/div><\/a>\n\t\t<\/div>\n\t<\/div>\n<\/div><\/div><div class=\"vc_column_container col-md-3\"><div class=\"wpb_wrapper vc_column-inner\">\n\t<div class=\"wpb_single_image wpb_content_element vc_align_center\">\n\t\t<div class=\"wpb_wrapper\">\n\t\t\t\n\t\t\t<a href=\"https:\/\/renasgida.com\/en\/gida-katki-maddeleri\/\" target=\"_self\"><div class=\"vc_single_image-wrapper   vc_box_border_grey\"><img loading=\"lazy\" decoding=\"async\" width=\"450\" height=\"320\" src=\"https:\/\/renasgida.com\/wp-content\/uploads\/2022\/03\/gida-kimyasallari-ENG.png\" class=\"vc_single_image-img attachment-full\" alt=\"\" srcset=\"https:\/\/renasgida.com\/wp-content\/uploads\/2022\/03\/gida-kimyasallari-ENG.png 450w, https:\/\/renasgida.com\/wp-content\/uploads\/2022\/03\/gida-kimyasallari-ENG-400x284.png 400w, https:\/\/renasgida.com\/wp-content\/uploads\/2022\/03\/gida-kimyasallari-ENG-367x261.png 367w\" sizes=\"auto, (max-width: 450px) 100vw, 450px\" \/><\/div><\/a>\n\t\t<\/div>\n\t<\/div>\n<\/div><\/div><div class=\"vc_column_container col-md-3\"><div class=\"wpb_wrapper vc_column-inner\">\n\t<div class=\"wpb_single_image wpb_content_element vc_align_center\">\n\t\t<div class=\"wpb_wrapper\">\n\t\t\t\n\t\t\t<a href=\"https:\/\/renasgida.com\/en\/ilac\/\" target=\"_self\"><div class=\"vc_single_image-wrapper   vc_box_border_grey\"><img loading=\"lazy\" decoding=\"async\" width=\"450\" height=\"320\" src=\"https:\/\/renasgida.com\/wp-content\/uploads\/2022\/03\/ilac-ENG.png\" class=\"vc_single_image-img attachment-full\" alt=\"\" srcset=\"https:\/\/renasgida.com\/wp-content\/uploads\/2022\/03\/ilac-ENG.png 450w, https:\/\/renasgida.com\/wp-content\/uploads\/2022\/03\/ilac-ENG-400x284.png 400w, https:\/\/renasgida.com\/wp-content\/uploads\/2022\/03\/ilac-ENG-367x261.png 367w\" sizes=\"auto, (max-width: 450px) 100vw, 450px\" \/><\/div><\/a>\n\t\t<\/div>\n\t<\/div>\n<\/div><\/div><\/div><div class=\"vc_row wpb_row row\"><div class=\"vc_column_container col-md-3\"><div class=\"wpb_wrapper vc_column-inner\"><\/div><\/div><div class=\"vc_column_container col-md-3\"><div class=\"wpb_wrapper vc_column-inner\"><\/div><\/div><div class=\"vc_column_container col-md-3\"><div class=\"wpb_wrapper vc_column-inner\"><\/div><\/div><div class=\"vc_column_container col-md-3\"><div class=\"wpb_wrapper vc_column-inner\"><\/div><\/div><\/div><\/section><section class=\"vc_section vc_custom_1634131526109\"><div class=\"vc_row wpb_row row\"><div class=\"vc_column_container col-md-12\"><div class=\"wpb_wrapper vc_column-inner\"><h4 style=\"text-align: center\" class=\"vc_custom_heading\">OUR PARTNERS<\/h4><div class=\"porto-carousel owl-carousel has-ccols ccols-xl-6 ccols-lg-4 ccols-md-3 ccols-sm-2 ccols-1 stage-margin show-nav-hover\" data-plugin-options=\"{&quot;stagePadding&quot;:40,&quot;margin&quot;:10,&quot;autoplay&quot;:&quot;yes&quot;,&quot;autoplayTimeout&quot;:5000,&quot;autoplayHoverPause&quot;:false,&quot;items&quot;:6,&quot;lg&quot;:4,&quot;md&quot;:3,&quot;sm&quot;:2,&quot;xs&quot;:1,&quot;nav&quot;:&quot;yes&quot;,&quot;dots&quot;:false,&quot;animateIn&quot;:&quot;&quot;,&quot;animateOut&quot;:&quot;&quot;,&quot;loop&quot;:false,&quot;center&quot;:false,&quot;video&quot;:false,&quot;lazyLoad&quot;:false,&quot;fullscreen&quot;:false}\">\n\t<div class=\"wpb_single_image wpb_content_element vc_align_left\">\n\t\t<div class=\"wpb_wrapper\">\n\t\t\t\n\t\t\t<div class=\"vc_single_image-wrapper   vc_box_border_grey\"><img decoding=\"async\" class=\"vc_single_image-img\"  src=\"https:\/\/renasgida.com\/wp-content\/uploads\/2024\/02\/BASF.png\" alt=\"external\" \/><\/div>\n\t\t<\/div>\n\t<\/div>\n\n\t<div class=\"wpb_single_image wpb_content_element vc_align_left\">\n\t\t<div class=\"wpb_wrapper\">\n\t\t\t\n\t\t\t<div class=\"vc_single_image-wrapper   vc_box_border_grey\"><img decoding=\"async\" class=\"vc_single_image-img\"  src=\"https:\/\/renasgida.com\/wp-content\/uploads\/2021\/12\/roq.png\" alt=\"external\" \/><\/div>\n\t\t<\/div>\n\t<\/div>\n\n\t<div class=\"wpb_single_image wpb_content_element vc_align_left\">\n\t\t<div class=\"wpb_wrapper\">\n\t\t\t\n\t\t\t<div class=\"vc_single_image-wrapper   vc_box_border_grey\"><img decoding=\"async\" class=\"vc_single_image-img\"  src=\"https:\/\/renasgida.com\/wp-content\/uploads\/2025\/05\/ULKER.png\" alt=\"external\" \/><\/div>\n\t\t<\/div>\n\t<\/div>\n\n\t<div class=\"wpb_single_image wpb_content_element vc_align_left\">\n\t\t<div class=\"wpb_wrapper\">\n\t\t\t\n\t\t\t<div class=\"vc_single_image-wrapper   vc_box_border_grey\"><img decoding=\"async\" class=\"vc_single_image-img\"  src=\"https:\/\/renasgida.com\/wp-content\/uploads\/2023\/01\/p22.webp\" alt=\"external\" \/><\/div>\n\t\t<\/div>\n\t<\/div>\n\n\t<div class=\"wpb_single_image wpb_content_element vc_align_left\">\n\t\t<div class=\"wpb_wrapper\">\n\t\t\t\n\t\t\t<div class=\"vc_single_image-wrapper   vc_box_border_grey\"><img decoding=\"async\" class=\"vc_single_image-img\"  src=\"https:\/\/renasgida.com\/wp-content\/uploads\/2024\/02\/KMC.png\" alt=\"external\" \/><\/div>\n\t\t<\/div>\n\t<\/div>\n\n\t<div class=\"wpb_single_image wpb_content_element vc_align_left\">\n\t\t<div class=\"wpb_wrapper\">\n\t\t\t\n\t\t\t<div class=\"vc_single_image-wrapper   vc_box_border_grey\"><img decoding=\"async\" class=\"vc_single_image-img\"  src=\"https:\/\/renasgida.com\/wp-content\/uploads\/2025\/05\/JRS.png\" alt=\"external\" \/><\/div>\n\t\t<\/div>\n\t<\/div>\n\n\t<div class=\"wpb_single_image wpb_content_element vc_align_left\">\n\t\t<div class=\"wpb_wrapper\">\n\t\t\t\n\t\t\t<div class=\"vc_single_image-wrapper   vc_box_border_grey\"><img decoding=\"async\" class=\"vc_single_image-img\"  src=\"https:\/\/renasgida.com\/wp-content\/uploads\/2025\/05\/JRS-SILVA.png\" alt=\"external\" \/><\/div>\n\t\t<\/div>\n\t<\/div>\n\n\t<div class=\"wpb_single_image wpb_content_element vc_align_left\">\n\t\t<div class=\"wpb_wrapper\">\n\t\t\t\n\t\t\t<div class=\"vc_single_image-wrapper   vc_box_border_grey\"><img decoding=\"async\" class=\"vc_single_image-img\"  src=\"https:\/\/renasgida.com\/wp-content\/uploads\/2025\/05\/IFF.png\" alt=\"external\" \/><\/div>\n\t\t<\/div>\n\t<\/div>\n\n\t<div class=\"wpb_single_image wpb_content_element vc_align_left\">\n\t\t<div class=\"wpb_wrapper\">\n\t\t\t\n\t\t\t<div class=\"vc_single_image-wrapper   vc_box_border_grey\"><img decoding=\"async\" class=\"vc_single_image-img\"  src=\"https:\/\/renasgida.com\/wp-content\/uploads\/2025\/05\/LDC.png\" alt=\"external\" \/><\/div>\n\t\t<\/div>\n\t<\/div>\n\n\t<div class=\"wpb_single_image wpb_content_element vc_align_left\">\n\t\t<div class=\"wpb_wrapper\">\n\t\t\t\n\t\t\t<div class=\"vc_single_image-wrapper   vc_box_border_grey\"><img decoding=\"async\" class=\"vc_single_image-img\"  src=\"https:\/\/renasgida.com\/wp-content\/uploads\/2025\/05\/CACIQUE.png\" alt=\"external\" \/><\/div>\n\t\t<\/div>\n\t<\/div>\n\n\t<div class=\"wpb_single_image wpb_content_element vc_align_left\">\n\t\t<div class=\"wpb_wrapper\">\n\t\t\t\n\t\t\t<div class=\"vc_single_image-wrapper   vc_box_border_grey\"><img decoding=\"async\" class=\"vc_single_image-img\"  src=\"https:\/\/renasgida.com\/wp-content\/uploads\/2021\/12\/fosfa.png\" alt=\"external\" \/><\/div>\n\t\t<\/div>\n\t<\/div>\n\n\t<div class=\"wpb_single_image wpb_content_element vc_align_left\">\n\t\t<div class=\"wpb_wrapper\">\n\t\t\t\n\t\t\t<div class=\"vc_single_image-wrapper   vc_box_border_grey\"><img loading=\"lazy\" decoding=\"async\" width=\"180\" height=\"182\" src=\"https:\/\/renasgida.com\/wp-content\/uploads\/2023\/01\/p16.webp\" class=\"vc_single_image-img attachment-full\" alt=\"\" \/><\/div>\n\t\t<\/div>\n\t<\/div>\n\n\t<div class=\"wpb_single_image wpb_content_element vc_align_left\">\n\t\t<div class=\"wpb_wrapper\">\n\t\t\t\n\t\t\t<div class=\"vc_single_image-wrapper   vc_box_border_grey\"><img decoding=\"async\" class=\"vc_single_image-img\"  src=\"https:\/\/renasgida.com\/wp-content\/uploads\/2024\/05\/SKC.png\" alt=\"external\" \/><\/div>\n\t\t<\/div>\n\t<\/div>\n\n\t<div class=\"wpb_single_image wpb_content_element vc_align_left\">\n\t\t<div class=\"wpb_wrapper\">\n\t\t\t\n\t\t\t<div class=\"vc_single_image-wrapper   vc_box_border_grey\"><img decoding=\"async\" class=\"vc_single_image-img\"  src=\"https:\/\/renasgida.com\/wp-content\/uploads\/2024\/05\/LNK.png\" alt=\"external\" \/><\/div>\n\t\t<\/div>\n\t<\/div>\n\n\t<div class=\"wpb_single_image wpb_content_element vc_align_left\">\n\t\t<div class=\"wpb_wrapper\">\n\t\t\t\n\t\t\t<div class=\"vc_single_image-wrapper   vc_box_border_grey\"><img loading=\"lazy\" decoding=\"async\" width=\"180\" height=\"182\" src=\"https:\/\/renasgida.com\/wp-content\/uploads\/2023\/01\/pa1.webp\" class=\"vc_single_image-img attachment-full\" alt=\"\" \/><\/div>\n\t\t<\/div>\n\t<\/div>\n\n\t<div class=\"wpb_single_image wpb_content_element vc_align_left\">\n\t\t<div class=\"wpb_wrapper\">\n\t\t\t\n\t\t\t<div class=\"vc_single_image-wrapper   vc_box_border_grey\"><img decoding=\"async\" class=\"vc_single_image-img\"  src=\"https:\/\/renasgida.com\/wp-content\/uploads\/2021\/12\/hl.png\" alt=\"external\" \/><\/div>\n\t\t<\/div>\n\t<\/div>\n\n\t<div class=\"wpb_single_image wpb_content_element vc_align_left\">\n\t\t<div class=\"wpb_wrapper\">\n\t\t\t\n\t\t\t<div class=\"vc_single_image-wrapper   vc_box_border_grey\"><img decoding=\"async\" class=\"vc_single_image-img\"  src=\"https:\/\/renasgida.com\/wp-content\/uploads\/2021\/12\/rz.png\" alt=\"external\" \/><\/div>\n\t\t<\/div>\n\t<\/div>\n\n\t<div class=\"wpb_single_image wpb_content_element vc_align_left\">\n\t\t<div class=\"wpb_wrapper\">\n\t\t\t\n\t\t\t<div class=\"vc_single_image-wrapper   vc_box_border_grey\"><img loading=\"lazy\" decoding=\"async\" width=\"180\" height=\"182\" src=\"https:\/\/renasgida.com\/wp-content\/uploads\/2023\/01\/pa3.webp\" class=\"vc_single_image-img attachment-full\" alt=\"\" \/><\/div>\n\t\t<\/div>\n\t<\/div>\n\n\t<div class=\"wpb_single_image wpb_content_element vc_align_left\">\n\t\t<div class=\"wpb_wrapper\">\n\t\t\t\n\t\t\t<div class=\"vc_single_image-wrapper   vc_box_border_grey\"><img decoding=\"async\" class=\"vc_single_image-img\"  src=\"https:\/\/renasgida.com\/wp-content\/uploads\/2021\/10\/2.png\" alt=\"external\" \/><\/div>\n\t\t<\/div>\n\t<\/div>\n\n\t<div class=\"wpb_single_image wpb_content_element vc_align_left\">\n\t\t<div class=\"wpb_wrapper\">\n\t\t\t\n\t\t\t<div class=\"vc_single_image-wrapper   vc_box_border_grey\"><img decoding=\"async\" class=\"vc_single_image-img\"  src=\"https:\/\/renasgida.com\/wp-content\/uploads\/2024\/01\/DP-3.png\" alt=\"external\" \/><\/div>\n\t\t<\/div>\n\t<\/div>\n\n\t<div class=\"wpb_single_image wpb_content_element vc_align_left\">\n\t\t<div class=\"wpb_wrapper\">\n\t\t\t\n\t\t\t<div class=\"vc_single_image-wrapper   vc_box_border_grey\"><img decoding=\"async\" class=\"vc_single_image-img\"  src=\"https:\/\/renasgida.com\/wp-content\/uploads\/2024\/01\/DP-4.png\" alt=\"external\" \/><\/div>\n\t\t<\/div>\n\t<\/div>\n\n\t<div class=\"wpb_single_image wpb_content_element vc_align_left\">\n\t\t<div class=\"wpb_wrapper\">\n\t\t\t\n\t\t\t<div class=\"vc_single_image-wrapper   vc_box_border_grey\"><img loading=\"lazy\" decoding=\"async\" width=\"180\" height=\"182\" src=\"https:\/\/renasgida.com\/wp-content\/uploads\/2023\/01\/p6.webp\" class=\"vc_single_image-img attachment-full\" alt=\"\" \/><\/div>\n\t\t<\/div>\n\t<\/div>\n\n\t<div class=\"wpb_single_image wpb_content_element vc_align_left\">\n\t\t<div class=\"wpb_wrapper\">\n\t\t\t\n\t\t\t<div class=\"vc_single_image-wrapper   vc_box_border_grey\"><img decoding=\"async\" class=\"vc_single_image-img\"  src=\"https:\/\/renasgida.com\/wp-content\/uploads\/2024\/01\/DP-5.png\" alt=\"external\" \/><\/div>\n\t\t<\/div>\n\t<\/div>\n\n\t<div class=\"wpb_single_image wpb_content_element vc_align_left\">\n\t\t<div class=\"wpb_wrapper\">\n\t\t\t\n\t\t\t<div class=\"vc_single_image-wrapper   vc_box_border_grey\"><img decoding=\"async\" class=\"vc_single_image-img\"  src=\"https:\/\/renasgida.com\/wp-content\/uploads\/2024\/01\/wengfu.png\" alt=\"external\" \/><\/div>\n\t\t<\/div>\n\t<\/div>\n<\/div><\/div><\/div><\/div><\/section>","protected":false},"excerpt":{"rendered":"SEKT\u00d6RLER PARTNERLER \u0130LET\u0130\u015e\u0130M SEKT\u00d6RLER PARTNERLER\u0130M\u0130Z","protected":false},"author":1,"featured_media":0,"parent":0,"menu_order":0,"comment_status":"closed","ping_status":"closed","template":"","meta":{"footnotes":""},"class_list":["post-2","page","type-page","status-publish","hentry"],"yoast_head":"<!-- This site is optimized with the Yoast SEO plugin v19.2 - https:\/\/yoast.com\/wordpress\/plugins\/seo\/ -->\n<title>Anasayfa - Renas G\u0131da<\/title>\n<meta name=\"robots\" content=\"index, follow, max-snippet:-1, max-image-preview:large, max-video-preview:-1\" \/>\n<link rel=\"canonical\" href=\"https:\/\/renasgida.com\/en\/\" \/>\n<meta property=\"og:locale\" content=\"en_US\" \/>\n<meta property=\"og:type\" content=\"article\" \/>\n<meta property=\"og:title\" content=\"Anasayfa - Renas G\u0131da\" \/>\n<meta property=\"og:url\" content=\"https:\/\/renasgida.com\/en\/\" \/>\n<meta property=\"og:site_name\" content=\"Renas G\u0131da\" \/>\n<meta property=\"article:modified_time\" content=\"2025-05-14T12:43:11+00:00\" \/>\n<meta name=\"author\" content=\"Renas\" \/>\n<meta name=\"twitter:card\" content=\"summary_large_image\" \/>\n<meta name=\"twitter:label1\" content=\"Est. reading time\" \/>\n\t<meta name=\"twitter:data1\" content=\"2 minutes\" \/>\n<script type=\"application\/ld+json\" class=\"yoast-schema-graph\">{\"@context\":\"https:\/\/schema.org\",\"@graph\":[{\"@type\":\"WebSite\",\"@id\":\"https:\/\/renasgida.com\/#website\",\"url\":\"https:\/\/renasgida.com\/\",\"name\":\"Renas G\u0131da\",\"description\":\"Renas G\u0131da Kimyevi Maddeler\",\"potentialAction\":[{\"@type\":\"SearchAction\",\"target\":{\"@type\":\"EntryPoint\",\"urlTemplate\":\"https:\/\/renasgida.com\/?s={search_term_string}\"},\"query-input\":\"required name=search_term_string\"}],\"inLanguage\":\"en-US\"},{\"@type\":\"WebPage\",\"@id\":\"https:\/\/renasgida.com\/#webpage\",\"url\":\"https:\/\/renasgida.com\/\",\"name\":\"Anasayfa - Renas G\u0131da\",\"isPartOf\":{\"@id\":\"https:\/\/renasgida.com\/#website\"},\"datePublished\":\"2020-06-01T03:50:09+00:00\",\"dateModified\":\"2025-05-14T12:43:11+00:00\",\"breadcrumb\":{\"@id\":\"https:\/\/renasgida.com\/#breadcrumb\"},\"inLanguage\":\"en-US\",\"potentialAction\":[{\"@type\":\"ReadAction\",\"target\":[\"https:\/\/renasgida.com\/\"]}]},{\"@type\":\"BreadcrumbList\",\"@id\":\"https:\/\/renasgida.com\/#breadcrumb\",\"itemListElement\":[{\"@type\":\"ListItem\",\"position\":1,\"name\":\"Anasayfa\",\"item\":\"https:\/\/renasgida.com\/\"},{\"@type\":\"ListItem\",\"position\":2,\"name\":\"Anasayfa\"}]}]}<\/script>\n<!-- \/ Yoast SEO plugin. -->","yoast_head_json":{"title":"Anasayfa - Renas G\u0131da","robots":{"index":"index","follow":"follow","max-snippet":"max-snippet:-1","max-image-preview":"max-image-preview:large","max-video-preview":"max-video-preview:-1"},"canonical":"https:\/\/renasgida.com\/en\/","og_locale":"en_US","og_type":"article","og_title":"Anasayfa - Renas G\u0131da","og_url":"https:\/\/renasgida.com\/en\/","og_site_name":"Renas G\u0131da","article_modified_time":"2025-05-14T12:43:11+00:00","author":"Renas","twitter_card":"summary_large_image","twitter_misc":{"Est. reading time":"2 minutes"},"schema":{"@context":"https:\/\/schema.org","@graph":[{"@type":"WebSite","@id":"https:\/\/renasgida.com\/#website","url":"https:\/\/renasgida.com\/","name":"Renas G\u0131da","description":"Renas G\u0131da Kimyevi Maddeler","potentialAction":[{"@type":"SearchAction","target":{"@type":"EntryPoint","urlTemplate":"https:\/\/renasgida.com\/?s={search_term_string}"},"query-input":"required name=search_term_string"}],"inLanguage":"en-US"},{"@type":"WebPage","@id":"https:\/\/renasgida.com\/#webpage","url":"https:\/\/renasgida.com\/","name":"Anasayfa - Renas G\u0131da","isPartOf":{"@id":"https:\/\/renasgida.com\/#website"},"datePublished":"2020-06-01T03:50:09+00:00","dateModified":"2025-05-14T12:43:11+00:00","breadcrumb":{"@id":"https:\/\/renasgida.com\/#breadcrumb"},"inLanguage":"en-US","potentialAction":[{"@type":"ReadAction","target":["https:\/\/renasgida.com\/"]}]},{"@type":"BreadcrumbList","@id":"https:\/\/renasgida.com\/#breadcrumb","itemListElement":[{"@type":"ListItem","position":1,"name":"Anasayfa","item":"https:\/\/renasgida.com\/"},{"@type":"ListItem","position":2,"name":"Anasayfa"}]}]}},"_links":{"self":[{"href":"https:\/\/renasgida.com\/en\/wp-json\/wp\/v2\/pages\/2","targetHints":{"allow":["GET"]}}],"collection":[{"href":"https:\/\/renasgida.com\/en\/wp-json\/wp\/v2\/pages"}],"about":[{"href":"https:\/\/renasgida.com\/en\/wp-json\/wp\/v2\/types\/page"}],"author":[{"embeddable":true,"href":"https:\/\/renasgida.com\/en\/wp-json\/wp\/v2\/users\/1"}],"replies":[{"embeddable":true,"href":"https:\/\/renasgida.com\/en\/wp-json\/wp\/v2\/comments?post=2"}],"version-history":[{"count":70,"href":"https:\/\/renasgida.com\/en\/wp-json\/wp\/v2\/pages\/2\/revisions"}],"predecessor-version":[{"id":1238,"href":"https:\/\/renasgida.com\/en\/wp-json\/wp\/v2\/pages\/2\/revisions\/1238"}],"wp:attachment":[{"href":"https:\/\/renasgida.com\/en\/wp-json\/wp\/v2\/media?parent=2"}],"curies":[{"name":"wp","href":"https:\/\/api.w.org\/{rel}","templated":true}]}}